{"id":12,"date":"2026-04-27T22:50:57","date_gmt":"2026-04-27T22:50:57","guid":{"rendered":"http:\/\/cabinet-kine-lepresident.fr\/index.php\/mentions-legales\/"},"modified":"2026-04-27T22:50:57","modified_gmt":"2026-04-27T22:50:57","slug":"mentions-legales","status":"publish","type":"page","link":"https:\/\/cabinet-kine-lepresident.fr\/index.php\/mentions-legales\/","title":{"rendered":"Mentions l\u00e9gales"},"content":{"rendered":"<h2>Mentions l\u00e9gales<\/h2>\n<h3>Identification professionnelle<\/h3>\n<p>Cabinet de Kin\u00e9sith\u00e9rapie Le Pr\u00e9sident<br \/>2b rue Isenbart \u2014 Immeuble Le Pr\u00e9sident, 25000 Besan\u00e7on<br \/>T\u00e9l\u00e9phone : 03 81 63 58 15<\/p>\n<h3>Praticiens<\/h3>\n<p>Catherine Grosjean, Virginie Rabatel, Arthur Chiboub \u2014 Masseurs-Kin\u00e9sith\u00e9rapeutes Dipl\u00f4m\u00e9s d&rsquo;\u00c9tat, inscrits au tableau de l&rsquo;Ordre National des Masseurs-Kin\u00e9sith\u00e9rapeutes (ONMK).<\/p>\n<h3>Convention<\/h3>\n<p>Cabinet conventionn\u00e9 Secteur 1 \u2014 tarifs conformes \u00e0 la Nomenclature G\u00e9n\u00e9rale des Actes Professionnels (NGAP).<\/p>\n<h3>H\u00e9bergement<\/h3>\n<p>OVH SAS, 2 rue Kellermann, 59100 Roubaix.<\/p>\n","protected":false},"excerpt":{"rendered":"<p>Mentions l\u00e9gales Identification professionnelle Cabinet de Kin\u00e9sith\u00e9rapie Le Pr\u00e9sident2b rue Isenbart \u2014 Immeuble Le Pr\u00e9sident, 25000 Besan\u00e7onT\u00e9l\u00e9phone : 03 81 63 58 15 Praticiens Catherine Grosjean, Virginie Rabatel, Arthur Chiboub \u2014 Masseurs-Kin\u00e9sith\u00e9rapeutes Dipl\u00f4m\u00e9s d&rsquo;\u00c9tat, inscrits au tableau de l&rsquo;Ordre National des Masseurs-Kin\u00e9sith\u00e9rapeutes (ONMK). Convention Cabinet conventionn\u00e9 Secteur 1 \u2014 tarifs conformes \u00e0 la Nomenclature G\u00e9n\u00e9rale [&hellip;]<\/p>\n","protected":false},"author":1,"featured_media":0,"parent":0,"menu_order":0,"comment_status":"closed","ping_status":"closed","template":"","meta":{"footnotes":""},"class_list":["post-12","page","type-page","status-publish","hentry"],"_links":{"self":[{"href":"https:\/\/cabinet-kine-lepresident.fr\/index.php\/wp-json\/wp\/v2\/pages\/12","targetHints":{"allow":["GET"]}}],"collection":[{"href":"https:\/\/cabinet-kine-lepresident.fr\/index.php\/wp-json\/wp\/v2\/pages"}],"about":[{"href":"https:\/\/cabinet-kine-lepresident.fr\/index.php\/wp-json\/wp\/v2\/types\/page"}],"author":[{"embeddable":true,"href":"https:\/\/cabinet-kine-lepresident.fr\/index.php\/wp-json\/wp\/v2\/users\/1"}],"replies":[{"embeddable":true,"href":"https:\/\/cabinet-kine-lepresident.fr\/index.php\/wp-json\/wp\/v2\/comments?post=12"}],"version-history":[{"count":0,"href":"https:\/\/cabinet-kine-lepresident.fr\/index.php\/wp-json\/wp\/v2\/pages\/12\/revisions"}],"wp:attachment":[{"href":"https:\/\/cabinet-kine-lepresident.fr\/index.php\/wp-json\/wp\/v2\/media?parent=12"}],"curies":[{"name":"wp","href":"https:\/\/api.w.org\/{rel}","templated":true}]}}